{"id":348,"date":"2023-01-06T11:04:50","date_gmt":"2023-01-06T10:04:50","guid":{"rendered":"https:\/\/am-outletcarrelage.darumakaizen.com\/?page_id=348"},"modified":"2026-03-06T11:53:51","modified_gmt":"2026-03-06T10:53:51","slug":"mentions-legales","status":"publish","type":"page","link":"https:\/\/am-outletcarrelage.darumakaizen.com\/index.php\/mentions-legales\/","title":{"rendered":"Mentions l\u00e9gales"},"content":{"rendered":"<p>[et_pb_section fb_built=&#8221;1&#8243; _builder_version=&#8221;4.27.5&#8243; _module_preset=&#8221;default&#8221; background_color=&#8221;#e9edf5&#8243; custom_padding=&#8221;160px||||false|false&#8221; global_colors_info=&#8221;{}&#8221;][et_pb_row _builder_version=&#8221;4.17.6&#8243; _module_preset=&#8221;default&#8221; global_colors_info=&#8221;{}&#8221;][et_pb_column type=&#8221;4_4&#8243; _builder_version=&#8221;4.17.6&#8243; _module_preset=&#8221;default&#8221; global_colors_info=&#8221;{}&#8221;][et_pb_text _builder_version=&#8221;4.17.6&#8243; _module_preset=&#8221;default&#8221; header_font=&#8221;|800|||||||&#8221; text_orientation=&#8221;center&#8221; global_colors_info=&#8221;{}&#8221;]<\/p>\n<h1>Mentions l\u00e9gales<\/h1>\n<p>[\/et_pb_text][\/et_pb_column][\/et_pb_row][et_pb_row _builder_version=&#8221;4.17.6&#8243; _module_preset=&#8221;default&#8221; global_colors_info=&#8221;{}&#8221;][et_pb_column type=&#8221;4_4&#8243; _builder_version=&#8221;4.17.6&#8243; _module_preset=&#8221;default&#8221; global_colors_info=&#8221;{}&#8221;][et_pb_text _builder_version=&#8221;4.19.2&#8243; _module_preset=&#8221;default&#8221; global_colors_info=&#8221;{}&#8221;]<\/p>\n<p><strong>D\u00e9nomination sociale : <\/strong>A&amp;M Outlet Carrelages SRL<\/p>\n<p><strong>Si\u00e8ge social : <\/strong>Rue Edouard Colson 297, 4431 Ans<\/p>\n<p><strong>Num\u00e9ro TVA : <\/strong>BE 0770.726.168<\/p>\n<p><strong>Email de contact :<\/strong> <span>contact@amoutletcarrelages.be<\/span><\/p>\n<p><strong>Num\u00e9ro de t\u00e9l\u00e9phone :<\/strong> +324 263 65 09<\/p>\n<p><strong>Site web :<\/strong> amoutletcarrelages.be<\/p>\n<p>Vous pouvez consulter ma politique de confidentialit\u00e9 via le lien en bas de page.<\/p>\n<p>[\/et_pb_text][\/et_pb_column][\/et_pb_row][\/et_pb_section]<\/p>\n","protected":false},"excerpt":{"rendered":"<p>Mentions l\u00e9galesD\u00e9nomination sociale : A&amp;M Outlet Carrelages SRL Si\u00e8ge social : Rue Edouard Colson 297, 4431 Ans Num\u00e9ro TVA : BE 0770.726.168 Email de contact : contact@amoutletcarrelages.be Num\u00e9ro de t\u00e9l\u00e9phone : +324 263 65 09 Site web : amoutletcarrelages.be Vous pouvez consulter ma politique de confidentialit\u00e9 via le lien en bas de page.<\/p>\n","protected":false},"author":1,"featured_media":0,"parent":0,"menu_order":0,"comment_status":"closed","ping_status":"closed","template":"","meta":{"_et_pb_use_builder":"on","_et_pb_old_content":"","_et_gb_content_width":"","footnotes":""},"class_list":["post-348","page","type-page","status-publish","hentry"],"_links":{"self":[{"href":"https:\/\/am-outletcarrelage.darumakaizen.com\/index.php\/wp-json\/wp\/v2\/pages\/348","targetHints":{"allow":["GET"]}}],"collection":[{"href":"https:\/\/am-outletcarrelage.darumakaizen.com\/index.php\/wp-json\/wp\/v2\/pages"}],"about":[{"href":"https:\/\/am-outletcarrelage.darumakaizen.com\/index.php\/wp-json\/wp\/v2\/types\/page"}],"author":[{"embeddable":true,"href":"https:\/\/am-outletcarrelage.darumakaizen.com\/index.php\/wp-json\/wp\/v2\/users\/1"}],"replies":[{"embeddable":true,"href":"https:\/\/am-outletcarrelage.darumakaizen.com\/index.php\/wp-json\/wp\/v2\/comments?post=348"}],"version-history":[{"count":8,"href":"https:\/\/am-outletcarrelage.darumakaizen.com\/index.php\/wp-json\/wp\/v2\/pages\/348\/revisions"}],"predecessor-version":[{"id":905,"href":"https:\/\/am-outletcarrelage.darumakaizen.com\/index.php\/wp-json\/wp\/v2\/pages\/348\/revisions\/905"}],"wp:attachment":[{"href":"https:\/\/am-outletcarrelage.darumakaizen.com\/index.php\/wp-json\/wp\/v2\/media?parent=348"}],"curies":[{"name":"wp","href":"https:\/\/api.w.org\/{rel}","templated":true}]}}