{"id":560,"date":"2026-02-18T17:21:35","date_gmt":"2026-02-18T16:21:35","guid":{"rendered":"https:\/\/am-outletcarrelage.darumakaizen.com\/?page_id=560"},"modified":"2026-03-04T16:27:38","modified_gmt":"2026-03-04T15:27:38","slug":"showroom","status":"publish","type":"page","link":"https:\/\/am-outletcarrelage.darumakaizen.com\/index.php\/showroom\/","title":{"rendered":"Showroom"},"content":{"rendered":"<p>[et_pb_section fb_built=&#8221;1&#8243; custom_padding_last_edited=&#8221;on|phone&#8221; admin_label=&#8221;Header&#8221; _builder_version=&#8221;4.27.5&#8243; _module_preset=&#8221;default&#8221; background_color=&#8221;#e9edf4&#8243; background_image=&#8221;https:\/\/am-outletcarrelage.darumakaizen.com\/wp-content\/uploads\/2026\/02\/Design-sans-titre-2026-02-19T171543.455.png&#8221; background_position=&#8221;bottom_center&#8221; custom_margin=&#8221;||||false|false&#8221; custom_margin_tablet=&#8221;||||false|false&#8221; custom_margin_phone=&#8221;||-50px||false|false&#8221; custom_margin_last_edited=&#8221;on|phone&#8221; custom_padding=&#8221;||||false|false&#8221; custom_padding_tablet=&#8221;||||false|false&#8221; custom_padding_phone=&#8221;||||false|false&#8221; background_last_edited=&#8221;on|tablet&#8221; background_size_tablet=&#8221;contain&#8221; background_size_phone=&#8221;contain&#8221; background_position_tablet=&#8221;top_center&#8221; background_position_phone=&#8221;top_right&#8221; global_colors_info=&#8221;{}&#8221;][et_pb_row custom_padding_last_edited=&#8221;on|phone&#8221; _builder_version=&#8221;4.16&#8243; _module_preset=&#8221;default&#8221; width=&#8221;90%&#8221; max_width=&#8221;none&#8221; custom_padding=&#8221;|40vw|||false|false&#8221; custom_padding_tablet=&#8221;|30vw|||false|false&#8221; custom_padding_phone=&#8221;|0vw|||false|false&#8221; global_colors_info=&#8221;{}&#8221;][et_pb_column type=&#8221;4_4&#8243; _builder_version=&#8221;4.16&#8243; _module_preset=&#8221;default&#8221; custom_padding=&#8221;80px||||false|false&#8221; global_colors_info=&#8221;{}&#8221;][et_pb_text _builder_version=&#8221;4.27.5&#8243; _module_preset=&#8221;534cc526-6274-4e31-9e1a-7f18a5947bf1&#8243; header_4_font=&#8221;Oswald|500||on|||||&#8221; header_4_text_color=&#8221;#e11b22&#8243; header_4_font_size=&#8221;14px&#8221; header_4_letter_spacing=&#8221;1px&#8221; header_4_line_height=&#8221;1.3em&#8221; custom_margin=&#8221;||0px||false|false&#8221; header_4_font_size_tablet=&#8221;13px&#8221; header_4_font_size_phone=&#8221;14px&#8221; header_4_font_size_last_edited=&#8221;on|tablet&#8221; locked=&#8221;off&#8221; global_colors_info=&#8221;{}&#8221;]<\/p>\n<h4>\u00c0 propos<\/h4>\n<p>[\/et_pb_text][et_pb_text _builder_version=&#8221;4.27.5&#8243; _module_preset=&#8221;e864d11f-3dab-4fa3-ac06-4f0e1a260807&#8243; header_font=&#8221;Oswald|500||on|||||&#8221; header_text_color=&#8221;#231f20&#8243; header_font_size=&#8221;5vw&#8221; header_letter_spacing=&#8221;4px&#8221; header_line_height=&#8221;1.2em&#8221; custom_margin=&#8221;||0px||false|false&#8221; header_font_size_tablet=&#8221;40px&#8221; header_font_size_phone=&#8221;28px&#8221; header_font_size_last_edited=&#8221;on|desktop&#8221; locked=&#8221;off&#8221; global_colors_info=&#8221;{}&#8221;]<\/p>\n<h1>Visitez notre<\/h1>\n<p>[\/et_pb_text][et_pb_text _builder_version=&#8221;4.27.5&#8243; _module_preset=&#8221;e864d11f-3dab-4fa3-ac06-4f0e1a260807&#8243; header_font=&#8221;Oswald|500||on|||||&#8221; header_text_color=&#8221;#e11b22&#8243; header_font_size=&#8221;5vw&#8221; header_letter_spacing=&#8221;4px&#8221; header_line_height=&#8221;1.2em&#8221; custom_margin=&#8221;||0px||false|false&#8221; header_font_size_tablet=&#8221;40px&#8221; header_font_size_phone=&#8221;28px&#8221; header_font_size_last_edited=&#8221;on|desktop&#8221; locked=&#8221;off&#8221; global_colors_info=&#8221;{}&#8221;]<\/p>\n<h1>showroom \u00e0 Ans<\/h1>\n<p>[\/et_pb_text][\/et_pb_column][\/et_pb_row][\/et_pb_section][et_pb_section fb_built=&#8221;1&#8243; admin_label=&#8221;Call to Action&#8221; _builder_version=&#8221;4.16&#8243; _module_preset=&#8221;default&#8221; background_color=&#8221;#e9edf4&#8243; collapsed=&#8221;on&#8221; global_colors_info=&#8221;{}&#8221;][et_pb_row custom_padding_last_edited=&#8221;on|phone&#8221; _builder_version=&#8221;4.27.5&#8243; _module_preset=&#8221;default&#8221; background_color=&#8221;#FFFFFF&#8221; background_enable_image=&#8221;off&#8221; background_size=&#8221;contain&#8221; background_position=&#8221;bottom_center&#8221; custom_margin=&#8221;||||false|false&#8221; custom_padding=&#8221;8%|16%|8%|16%|true|true&#8221; custom_padding_tablet=&#8221;|30px||30px|true|true&#8221; custom_padding_phone=&#8221;|20px||20px|true|true&#8221; box_shadow_style=&#8221;preset3&#8243; box_shadow_vertical=&#8221;10px&#8221; box_shadow_blur=&#8221;30px&#8221; box_shadow_spread=&#8221;-10px&#8221; box_shadow_color=&#8221;rgba(26,32,44,0.2)&#8221; global_colors_info=&#8221;{}&#8221;][et_pb_column type=&#8221;4_4&#8243; _builder_version=&#8221;4.16&#8243; _module_preset=&#8221;default&#8221; global_colors_info=&#8221;{}&#8221;][et_pb_text _builder_version=&#8221;4.27.5&#8243; _module_preset=&#8221;534cc526-6274-4e31-9e1a-7f18a5947bf1&#8243; header_4_font=&#8221;Oswald|500||on|||||&#8221; header_4_text_align=&#8221;center&#8221; header_4_text_color=&#8221;#e11b22&#8243; header_4_font_size=&#8221;14px&#8221; header_4_letter_spacing=&#8221;1px&#8221; header_4_line_height=&#8221;1.3em&#8221; custom_margin=&#8221;||0px||false|false&#8221; header_4_font_size_tablet=&#8221;13px&#8221; header_4_font_size_phone=&#8221;13px&#8221; header_4_font_size_last_edited=&#8221;on|tablet&#8221; locked=&#8221;off&#8221; global_colors_info=&#8221;{}&#8221;]<\/p>\n<h4>Nos carrelages et salles de bain<\/h4>\n<p>[\/et_pb_text][et_pb_text _builder_version=&#8221;4.27.5&#8243; _module_preset=&#8221;df96b77a-cd4f-44a8-a771-2d6347592b53&#8243; header_2_font=&#8221;Oswald|500||on|||||&#8221; header_2_text_align=&#8221;center&#8221; header_2_text_color=&#8221;#231f20&#8243; header_2_font_size=&#8221;40px&#8221; header_2_letter_spacing=&#8221;1px&#8221; header_2_line_height=&#8221;1.35em&#8221; header_2_font_size_tablet=&#8221;32px&#8221; header_2_font_size_phone=&#8221;20px&#8221; header_2_font_size_last_edited=&#8221;on|phone&#8221; locked=&#8221;off&#8221; global_colors_info=&#8221;{}&#8221; header_2_letter_spacing__hover_enabled=&#8221;off|hover&#8221;]<\/p>\n<h2>en situation r\u00e9elle<\/h2>\n<p>[\/et_pb_text][et_pb_text _builder_version=&#8221;4.27.5&#8243; _module_preset=&#8221;0bd9fec6-ac32-486c-934f-18d282fbdfb4&#8243; text_font=&#8221;Poppins||||||||&#8221; text_text_color=&#8221;rgba(0,0,0,0.55)&#8221; text_line_height=&#8221;1.8em&#8221; text_orientation=&#8221;center&#8221; module_alignment=&#8221;center&#8221; text_font_size_tablet=&#8221;&#8221; text_font_size_phone=&#8221;14px&#8221; text_font_size_last_edited=&#8221;on|phone&#8221; header_font_size_tablet=&#8221;55px&#8221; header_font_size_last_edited=&#8221;off|desktop&#8221; locked=&#8221;off&#8221; global_colors_info=&#8221;{}&#8221;]<\/p>\n<p data-start=\"265\" data-end=\"431\">Choisir un carrelage ou une salle de bain ne se fait pas uniquement sur photo. Les textures, les finitions et les formats prennent tout leur sens en situation r\u00e9elle.<\/p>\n<p data-start=\"433\" data-end=\"666\">Chez AM Outlet Carrelages, l\u2019essentiel de nos collections est visible directement en showroom. Nous privil\u00e9gions l\u2019exp\u00e9rience sur place : comparer les mati\u00e8res, voir les formats \u00e0 grande \u00e9chelle et visualiser les ambiances compl\u00e8tes.<\/p>\n<p data-start=\"668\" data-end=\"809\">Notre showroom vous permet de d\u00e9couvrir l\u2019ensemble de nos pi\u00e8ces et de faire votre choix en toute confiance, accompagn\u00e9 si vous le souhaitez.<\/p>\n<p>[\/et_pb_text][et_pb_button button_url=&#8221;@ET-DC@eyJkeW5hbWljIjp0cnVlLCJjb250ZW50IjoicG9zdF9saW5rX3VybF9wYWdlIiwic2V0dGluZ3MiOnsicG9zdF9pZCI6IjQwIn19@&#8221; button_text=&#8221;Visiter le showroom&#8221; button_alignment=&#8221;center&#8221; _builder_version=&#8221;4.27.5&#8243; _dynamic_attributes=&#8221;button_url&#8221; _module_preset=&#8221;94ef7aca-dcd9-4f9d-93b2-efa3466cebc7&#8243; custom_button=&#8221;on&#8221; button_text_size=&#8221;12px&#8221; button_text_color=&#8221;#000000&#8243; button_bg_color=&#8221;RGBA(0,0,0,0)&#8221; button_border_width=&#8221;0px&#8221; button_border_radius=&#8221;1px&#8221; button_letter_spacing=&#8221;1px&#8221; button_font=&#8221;Oswald|700||on|||||&#8221; button_use_icon=&#8221;off&#8221; custom_margin=&#8221;||||false|false&#8221; custom_padding=&#8221;20px|20px|20px|20px|true|true&#8221; box_shadow_style=&#8221;preset7&#8243; box_shadow_horizontal=&#8221;30px&#8221; box_shadow_vertical=&#8221;0px&#8221; box_shadow_color=&#8221;#e11b22&#8243; locked=&#8221;off&#8221; global_colors_info=&#8221;{}&#8221; button_text_color__hover=&#8221;#FFFFFF&#8221; button_text_color__hover_enabled=&#8221;off|desktop&#8221; box_shadow_horizontal__hover=&#8221;10px&#8221; box_shadow_horizontal__hover_enabled=&#8221;on|desktop&#8221; box_shadow_color__hover=&#8221;#e11b22&#8243; box_shadow_color__hover_enabled=&#8221;on|hover&#8221;][\/et_pb_button][\/et_pb_column][\/et_pb_row][\/et_pb_section][et_pb_section fb_built=&#8221;1&#8243; admin_label=&#8221;Feature&#8221; _builder_version=&#8221;4.27.5&#8243; _module_preset=&#8221;default&#8221; background_color=&#8221;#e9edf4&#8243; background_image=&#8221;https:\/\/am-outletcarrelage.darumakaizen.com\/wp-content\/uploads\/2026\/02\/Design-sans-titre-2026-02-21T105524.417.png&#8221; background_size=&#8221;contain&#8221; background_position=&#8221;top_left&#8221; background_last_edited=&#8221;on|tablet&#8221; background_enable_image_tablet=&#8221;off&#8221; locked=&#8221;off&#8221; global_colors_info=&#8221;{}&#8221;][et_pb_row column_structure=&#8221;1_2,1_2&#8243; custom_padding_last_edited=&#8221;on|tablet&#8221; _builder_version=&#8221;4.16&#8243; _module_preset=&#8221;default&#8221; custom_padding=&#8221;|||16%|false|false&#8221; custom_padding_tablet=&#8221;|||0%|false|false&#8221; custom_padding_phone=&#8221;&#8221; global_colors_info=&#8221;{}&#8221;][et_pb_column type=&#8221;1_2&#8243; _builder_version=&#8221;4.16&#8243; _module_preset=&#8221;default&#8221; global_colors_info=&#8221;{}&#8221;][et_pb_text _builder_version=&#8221;4.27.5&#8243; _module_preset=&#8221;df96b77a-cd4f-44a8-a771-2d6347592b53&#8243; header_2_font=&#8221;Oswald|500||on|||||&#8221; header_2_text_color=&#8221;#231f20&#8243; header_2_font_size=&#8221;40px&#8221; header_2_letter_spacing=&#8221;1px&#8221; header_2_line_height=&#8221;1.35em&#8221; header_2_font_size_tablet=&#8221;32px&#8221; header_2_font_size_phone=&#8221;20px&#8221; header_2_font_size_last_edited=&#8221;on|phone&#8221; locked=&#8221;off&#8221; global_colors_info=&#8221;{}&#8221; header_2_letter_spacing__hover_enabled=&#8221;off|hover&#8221;]<\/p>\n<h2>\u00c0 propos<\/h2>\n<p>[\/et_pb_text][et_pb_text _builder_version=&#8221;4.16&#8243; _module_preset=&#8221;5ff55506-da7d-4dd7-b409-9d62c7203201&#8243; text_font=&#8221;Poppins||||||||&#8221; text_text_color=&#8221;rgba(0,0,0,0.55)&#8221; text_font_size=&#8221;16px&#8221; text_line_height=&#8221;1.8em&#8221; text_font_size_tablet=&#8221;15px&#8221; text_font_size_phone=&#8221;14px&#8221; text_font_size_last_edited=&#8221;on|phone&#8221; header_font_size_tablet=&#8221;55px&#8221; header_font_size_last_edited=&#8221;off|desktop&#8221; locked=&#8221;off&#8221; global_colors_info=&#8221;{}&#8221;]<\/p>\n<p data-start=\"106\" data-end=\"201\">Chez AM Outlet Carrelages &amp; Salles de bain, nous misons sur l\u2019essentiel : la qualit\u00e9 et le prix.<\/p>\n<p data-start=\"203\" data-end=\"412\">Gr\u00e2ce \u00e0 notre fonctionnement en outlet et \u00e0 des partenariats directs avec des fabricants europ\u00e9ens, nous proposons des carrelages et \u00e9quipements de salle de bain \u00e0 des conditions particuli\u00e8rement comp\u00e9titives.<\/p>\n<p data-start=\"414\" data-end=\"527\">Stock permanent, s\u00e9ries limit\u00e9es et arrivages r\u00e9guliers : des opportunit\u00e9s disponibles imm\u00e9diatement en showroom.<\/p>\n<p>[\/et_pb_text][\/et_pb_column][et_pb_column type=&#8221;1_2&#8243; _builder_version=&#8221;4.16&#8243; _module_preset=&#8221;5d3ab172-43f1-4807-9362-75b6f4a25308&#8243; custom_padding=&#8221;|||70px|false|false&#8221; custom_padding_tablet=&#8221;&#8221; custom_padding_phone=&#8221;|||30px|false|false&#8221; custom_padding_last_edited=&#8221;on|phone&#8221; global_colors_info=&#8221;{}&#8221;][et_pb_image src=&#8221;https:\/\/am-outletcarrelage.darumakaizen.com\/wp-content\/uploads\/2026\/02\/Design-sans-titre-2026-02-21T111716.970.png&#8221; title_text=&#8221;Design sans titre &#8211; 2026-02-21T111716.970&#8243; _builder_version=&#8221;4.27.5&#8243; _module_preset=&#8221;9315762e-f83b-4ce3-b546-d02dac3b6904&#8243; custom_margin=&#8221;||-30px|-70px|false|false&#8221; custom_margin_tablet=&#8221;&#8221; custom_margin_phone=&#8221;||-10px|-30px|false|false&#8221; custom_margin_last_edited=&#8221;on|phone&#8221; border_width_all=&#8221;70px&#8221; border_width_top=&#8221;0px&#8221; border_width_right=&#8221;0px&#8221; border_color_bottom=&#8221;#E9EDF4&#8243; border_color_left=&#8221;#e11b22&#8243; border_width_all_tablet=&#8221;&#8221; border_width_all_phone=&#8221;30px&#8221; border_width_all_last_edited=&#8221;on|phone&#8221; global_colors_info=&#8221;{}&#8221;][\/et_pb_image][et_pb_button button_url=&#8221;@ET-DC@eyJkeW5hbWljIjp0cnVlLCJjb250ZW50IjoicG9zdF9saW5rX3VybF9wYWdlIiwic2V0dGluZ3MiOnsicG9zdF9pZCI6IjQwIn19@&#8221; button_text=&#8221;En savoir plus&#8221; _builder_version=&#8221;4.27.5&#8243; _dynamic_attributes=&#8221;button_url&#8221; _module_preset=&#8221;49c9cd19-ae56-439b-9ede-9b093f1caa5c&#8221; custom_button=&#8221;on&#8221; button_text_size=&#8221;12px&#8221; button_text_color=&#8221;#000000&#8243; button_bg_color=&#8221;RGBA(0,0,0,0)&#8221; button_border_width=&#8221;0px&#8221; button_border_radius=&#8221;1px&#8221; button_letter_spacing=&#8221;1px&#8221; button_font=&#8221;Oswald|700||on|||||&#8221; button_use_icon=&#8221;off&#8221; custom_padding=&#8221;20px|20px|20px|20px|true|true&#8221; box_shadow_style=&#8221;preset7&#8243; box_shadow_horizontal=&#8221;30px&#8221; box_shadow_vertical=&#8221;0px&#8221; box_shadow_color=&#8221;rgba(0,0,0,0.08)&#8221; locked=&#8221;off&#8221; global_colors_info=&#8221;{}&#8221; button_text_color__hover=&#8221;#FFFFFF&#8221; button_text_color__hover_enabled=&#8221;off|desktop&#8221; box_shadow_horizontal__hover=&#8221;10px&#8221; box_shadow_horizontal__hover_enabled=&#8221;on|hover&#8221; box_shadow_color__hover=&#8221;#000000&#8243; box_shadow_color__hover_enabled=&#8221;on|desktop&#8221;][\/et_pb_button][\/et_pb_column][\/et_pb_row][\/et_pb_section][et_pb_section fb_built=&#8221;1&#8243; padding_top_2=&#8221;150px&#8221; padding_top_bottom_link_2=&#8221;false&#8221; padding_left_right_link_2=&#8221;false&#8221; admin_label=&#8221;Features &#8221; _builder_version=&#8221;4.27.5&#8243; _module_preset=&#8221;default&#8221; background_color=&#8221;gcid-3d886ef6-8731-4e14-8402-fb3e08bbe225&#8243; background_enable_color=&#8221;off&#8221; custom_padding=&#8221;||0px||false|false&#8221; global_colors_info=&#8221;{%22gcid-3d886ef6-8731-4e14-8402-fb3e08bbe225%22:%91%22background_color%22%93}&#8221;][et_pb_row column_structure=&#8221;1_2,1_2&#8243; _builder_version=&#8221;4.16&#8243; _module_preset=&#8221;default&#8221; custom_padding=&#8221;||69px|||&#8221; global_colors_info=&#8221;{}&#8221;][et_pb_column type=&#8221;1_2&#8243; _builder_version=&#8221;4.16&#8243; _module_preset=&#8221;default&#8221; global_colors_info=&#8221;{}&#8221;][et_pb_text _builder_version=&#8221;4.27.5&#8243; _module_preset=&#8221;003e9429-8e11-4d9e-968b-8881092bbf81&#8243; header_2_font=&#8221;Oswald|||on|||||&#8221; header_2_text_color=&#8221;#231f20&#8243; header_2_font_size=&#8221;40px&#8221; header_2_line_height=&#8221;1.3em&#8221; custom_margin=&#8221;||10px||false|false&#8221; header_2_font_size_tablet=&#8221;32px&#8221; header_2_font_size_phone=&#8221;20px&#8221; header_2_font_size_last_edited=&#8221;on|desktop&#8221; header_2_line_height_tablet=&#8221;1.2em&#8221; header_2_line_height_phone=&#8221;1.2em&#8221; header_2_line_height_last_edited=&#8221;off|desktop&#8221; locked=&#8221;off&#8221; global_colors_info=&#8221;{}&#8221;]<\/p>\n<h2>Un espace pour visualiser<\/h2>\n<p>[\/et_pb_text][et_pb_button button_url=&#8221;@ET-DC@eyJkeW5hbWljIjp0cnVlLCJjb250ZW50IjoicG9zdF9saW5rX3VybF9wYWdlIiwic2V0dGluZ3MiOnsicG9zdF9pZCI6IjQwIn19@&#8221; button_text=&#8221;Visiter le showroom&#8221; _builder_version=&#8221;4.27.5&#8243; _dynamic_attributes=&#8221;button_url&#8221; _module_preset=&#8221;f05bba5e-c4ed-4d16-99f6-de883c2b94d5&#8243; custom_button=&#8221;on&#8221; button_text_size=&#8221;13px&#8221; button_text_color=&#8221;#000000&#8243; button_bg_color=&#8221;RGBA(0,0,0,0)&#8221; button_bg_image=&#8221;https:\/\/am-outletcarrelage.darumakaizen.com\/wp-content\/uploads\/2026\/02\/home-staging_93.png&#8221; button_bg_size=&#8221;initial&#8221; button_bg_position=&#8221;center_right&#8221; button_border_width=&#8221;0px&#8221; button_border_color=&#8221;RGBA(0,0,0,0)&#8221; button_border_radius=&#8221;0px&#8221; button_letter_spacing=&#8221;3px&#8221; button_font=&#8221;Oswald|700||on|||||&#8221; button_use_icon=&#8221;off&#8221; custom_padding=&#8221;|60px||0px|false|false&#8221; locked=&#8221;off&#8221; global_colors_info=&#8221;{}&#8221;][\/et_pb_button][et_pb_image src=&#8221;https:\/\/am-outletcarrelage.darumakaizen.com\/wp-content\/uploads\/2026\/02\/Design-sans-titre-2026-02-21T104216.277.png&#8221; title_text=&#8221;Design sans titre &#8211; 2026-02-21T104216.277&#8243; _builder_version=&#8221;4.27.5&#8243; _module_preset=&#8221;default&#8221; global_colors_info=&#8221;{}&#8221;][\/et_pb_image][\/et_pb_column][et_pb_column type=&#8221;1_2&#8243; _builder_version=&#8221;4.16&#8243; _module_preset=&#8221;default&#8221; custom_padding=&#8221;100px||||false|false&#8221; custom_padding_tablet=&#8221;0px||||false|false&#8221; custom_padding_phone=&#8221;&#8221; custom_padding_last_edited=&#8221;on|tablet&#8221; global_colors_info=&#8221;{}&#8221;][et_pb_blurb title=&#8221;600m\u00b2 de showroom&#8221; image=&#8221;https:\/\/am-outletcarrelage.darumakaizen.com\/wp-content\/uploads\/2026\/02\/showroom.png&#8221; icon_placement=&#8221;left&#8221; image_icon_width=&#8221;64px&#8221; content_max_width=&#8221;100%&#8221; image_icon_width_tablet=&#8221;32px&#8221; image_icon_width_phone=&#8221;32px&#8221; image_icon_width_last_edited=&#8221;on|desktop&#8221; content_max_width_tablet=&#8221;100%&#8221; content_max_width_last_edited=&#8221;off|desktop&#8221; _builder_version=&#8221;4.27.5&#8243; _module_preset=&#8221;bbd70754-49fa-4988-ad64-9765b3b8d0fe&#8221; header_font=&#8221;Oswald||||||||&#8221; header_text_color=&#8221;#231f20&#8243; header_font_size=&#8221;24px&#8221; header_line_height=&#8221;1.4em&#8221; body_line_height=&#8221;1.8em&#8221; animation=&#8221;off&#8221; header_font_size_tablet=&#8221;20px&#8221; header_font_size_phone=&#8221;20px&#8221; header_font_size_last_edited=&#8221;on|phone&#8221; image_max_width=&#8221;64px&#8221; image_max_width_tablet=&#8221;32px&#8221; image_max_width_phone=&#8221;&#8221; image_max_width_last_edited=&#8221;on|desktop&#8221; global_colors_info=&#8221;{}&#8221;]<\/p>\n<p>Un espace d\u2019exposition pour voir les produits en situation r\u00e9elle et comparer les finitions.<\/p>\n<p>[\/et_pb_blurb][et_pb_blurb title=&#8221;+300 R\u00e9f\u00e9rences&#8221; image=&#8221;https:\/\/am-outletcarrelage.darumakaizen.com\/wp-content\/uploads\/2026\/02\/tiles.png&#8221; icon_placement=&#8221;left&#8221; image_icon_width=&#8221;64px&#8221; content_max_width=&#8221;100%&#8221; image_icon_width_tablet=&#8221;32px&#8221; image_icon_width_phone=&#8221;32px&#8221; image_icon_width_last_edited=&#8221;on|desktop&#8221; content_max_width_tablet=&#8221;100%&#8221; content_max_width_last_edited=&#8221;off|desktop&#8221; _builder_version=&#8221;4.27.5&#8243; _module_preset=&#8221;bbd70754-49fa-4988-ad64-9765b3b8d0fe&#8221; header_font=&#8221;Oswald||||||||&#8221; header_text_color=&#8221;#231f20&#8243; header_font_size=&#8221;24px&#8221; header_line_height=&#8221;1.4em&#8221; body_line_height=&#8221;1.8em&#8221; animation=&#8221;off&#8221; header_font_size_tablet=&#8221;20px&#8221; header_font_size_phone=&#8221;20px&#8221; header_font_size_last_edited=&#8221;on|phone&#8221; image_max_width=&#8221;64px&#8221; image_max_width_tablet=&#8221;32px&#8221; image_max_width_phone=&#8221;&#8221; image_max_width_last_edited=&#8221;on|desktop&#8221; global_colors_info=&#8221;{}&#8221;]<\/p>\n<p>Des collections vari\u00e9es et des arrivages r\u00e9guliers pour r\u00e9pondre \u00e0 tous les projets.<\/p>\n<p>[\/et_pb_blurb][et_pb_blurb title=&#8221;Accessoires &#038; produits de pose&#8221; image=&#8221;https:\/\/am-outletcarrelage.darumakaizen.com\/wp-content\/uploads\/2026\/02\/tile.png&#8221; icon_placement=&#8221;left&#8221; image_icon_width=&#8221;64px&#8221; content_max_width=&#8221;100%&#8221; image_icon_width_tablet=&#8221;32px&#8221; image_icon_width_phone=&#8221;32px&#8221; image_icon_width_last_edited=&#8221;on|desktop&#8221; content_max_width_tablet=&#8221;100%&#8221; content_max_width_last_edited=&#8221;off|desktop&#8221; _builder_version=&#8221;4.27.5&#8243; _module_preset=&#8221;bbd70754-49fa-4988-ad64-9765b3b8d0fe&#8221; header_font=&#8221;Oswald||||||||&#8221; header_text_color=&#8221;#231f20&#8243; header_font_size=&#8221;24px&#8221; header_line_height=&#8221;1.4em&#8221; body_line_height=&#8221;1.8em&#8221; animation=&#8221;off&#8221; header_font_size_tablet=&#8221;20px&#8221; header_font_size_phone=&#8221;20px&#8221; header_font_size_last_edited=&#8221;on|phone&#8221; image_max_width=&#8221;64px&#8221; image_max_width_tablet=&#8221;32px&#8221; image_max_width_phone=&#8221;&#8221; image_max_width_last_edited=&#8221;on|desktop&#8221; global_colors_info=&#8221;{}&#8221;]<\/p>\n<p>En plus du carrelage et des \u00e9quipements de salle de bain, nous proposons une s\u00e9lection compl\u00e8te de produits techniques et accessoires n\u00e9cessaires \u00e0 la mise en \u0153uvre.<\/p>\n<p>[\/et_pb_blurb][et_pb_image src=&#8221;https:\/\/am-outletcarrelage.darumakaizen.com\/wp-content\/uploads\/2026\/02\/IMG_7282-scaled.jpg&#8221; title_text=&#8221;IMG_7282&#8243; align=&#8221;center&#8221; _builder_version=&#8221;4.27.5&#8243; _module_preset=&#8221;default&#8221; positioning=&#8221;relative&#8221; horizontal_offset=&#8221;-300px&#8221; horizontal_offset_tablet=&#8221;-300px&#8221; horizontal_offset_phone=&#8221;0px&#8221; horizontal_offset_last_edited=&#8221;on|phone&#8221; width=&#8221;79%&#8221; module_alignment=&#8221;center&#8221; custom_margin=&#8221;16%||-30%|-44%|false|false&#8221; custom_margin_tablet=&#8221;0%||0%|0%|false|false&#8221; custom_margin_phone=&#8221;0%||0%|0%|false|false&#8221; custom_margin_last_edited=&#8221;on|phone&#8221; custom_padding=&#8221;0px||||false|false&#8221; custom_padding_tablet=&#8221;0px||||false|false&#8221; custom_padding_phone=&#8221;0px||||false|false&#8221; custom_padding_last_edited=&#8221;on|phone&#8221; global_colors_info=&#8221;{}&#8221;][\/et_pb_image][\/et_pb_column][\/et_pb_row][\/et_pb_section]<\/p>\n","protected":false},"excerpt":{"rendered":"<p>\u00c0 proposVisitez notreshowroom \u00e0 AnsNos carrelages et salles de bainen situation r\u00e9elleChoisir un carrelage ou une salle de bain ne se fait pas uniquement sur photo. Les textures, les finitions et les formats prennent tout leur sens en situation r\u00e9elle. Chez AM Outlet Carrelages, l\u2019essentiel de nos collections est visible directement en showroom. Nous privil\u00e9gions [&hellip;]<\/p>\n","protected":false},"author":1,"featured_media":0,"parent":0,"menu_order":0,"comment_status":"closed","ping_status":"closed","template":"","meta":{"_et_pb_use_builder":"on","_et_pb_old_content":"","_et_gb_content_width":"","footnotes":""},"class_list":["post-560","page","type-page","status-publish","hentry"],"_links":{"self":[{"href":"https:\/\/am-outletcarrelage.darumakaizen.com\/index.php\/wp-json\/wp\/v2\/pages\/560","targetHints":{"allow":["GET"]}}],"collection":[{"href":"https:\/\/am-outletcarrelage.darumakaizen.com\/index.php\/wp-json\/wp\/v2\/pages"}],"about":[{"href":"https:\/\/am-outletcarrelage.darumakaizen.com\/index.php\/wp-json\/wp\/v2\/types\/page"}],"author":[{"embeddable":true,"href":"https:\/\/am-outletcarrelage.darumakaizen.com\/index.php\/wp-json\/wp\/v2\/users\/1"}],"replies":[{"embeddable":true,"href":"https:\/\/am-outletcarrelage.darumakaizen.com\/index.php\/wp-json\/wp\/v2\/comments?post=560"}],"version-history":[{"count":40,"href":"https:\/\/am-outletcarrelage.darumakaizen.com\/index.php\/wp-json\/wp\/v2\/pages\/560\/revisions"}],"predecessor-version":[{"id":848,"href":"https:\/\/am-outletcarrelage.darumakaizen.com\/index.php\/wp-json\/wp\/v2\/pages\/560\/revisions\/848"}],"wp:attachment":[{"href":"https:\/\/am-outletcarrelage.darumakaizen.com\/index.php\/wp-json\/wp\/v2\/media?parent=560"}],"curies":[{"name":"wp","href":"https:\/\/api.w.org\/{rel}","templated":true}]}}